{"id":436,"date":"2025-05-22T00:46:57","date_gmt":"2025-05-21T22:46:57","guid":{"rendered":"https:\/\/cours-info.gymnase-yverdon.ch\/verriere-veton\/?post_type=product&#038;p=436"},"modified":"2025-05-22T01:37:27","modified_gmt":"2025-05-21T23:37:27","slug":"bijoux","status":"publish","type":"product","link":"https:\/\/cours-info.gymnase-yverdon.ch\/verriere-veton\/produit\/bijoux\/","title":{"rendered":"Bijoux"},"content":{"rendered":"<p>Des bijoux qui ajoutent une touche perso \u00e0 ton style. Discrets ou affirm\u00e9s, chaque bijou a \u00e9t\u00e9 s\u00e9lectionn\u00e9 avec soin.<br data-start=\"2636\" data-end=\"2639\" \/>\u2728 <strong data-start=\"2641\" data-end=\"2652\">Style :<\/strong> Vari\u00e9 selon le stock (bague, collier, bracelet\u2026)<br data-start=\"2701\" data-end=\"2704\" \/>\ud83c\udf1f <strong data-start=\"2707\" data-end=\"2722\">Mat\u00e9riaux :<\/strong> Selon les mod\u00e8les (acier, perles, fantaisie\u2026)<br data-start=\"2768\" data-end=\"2771\" \/>\ud83c\udf81 Id\u00e9al pour toi ou pour offrir<br data-start=\"2803\" data-end=\"2806\" \/>\ud83d\udce9 Demande les mod\u00e8les dispos, stock limit\u00e9<\/p>\n","protected":false},"excerpt":{"rendered":"<p><strong>Bijoux &#8211; De tout types<\/strong><\/p>\n","protected":false},"featured_media":428,"comment_status":"open","ping_status":"closed","template":"","meta":{"_et_pb_use_builder":"","_et_pb_old_content":"","_et_gb_content_width":""},"product_brand":[],"product_cat":[22],"product_tag":[47,45,48,46,49],"class_list":{"0":"post-436","1":"product","2":"type-product","3":"status-publish","4":"has-post-thumbnail","6":"product_cat-bijou","7":"product_tag-bagues","8":"product_tag-bijoux","9":"product_tag-boucles-doreilles","10":"product_tag-bracelet","11":"product_tag-collier","13":"first","14":"instock","15":"shipping-taxable","16":"purchasable","17":"product-type-simple"},"_links":{"self":[{"href":"https:\/\/cours-info.gymnase-yverdon.ch\/verriere-veton\/wp-json\/wp\/v2\/product\/436","targetHints":{"allow":["GET"]}}],"collection":[{"href":"https:\/\/cours-info.gymnase-yverdon.ch\/verriere-veton\/wp-json\/wp\/v2\/product"}],"about":[{"href":"https:\/\/cours-info.gymnase-yverdon.ch\/verriere-veton\/wp-json\/wp\/v2\/types\/product"}],"replies":[{"embeddable":true,"href":"https:\/\/cours-info.gymnase-yverdon.ch\/verriere-veton\/wp-json\/wp\/v2\/comments?post=436"}],"wp:featuredmedia":[{"embeddable":true,"href":"https:\/\/cours-info.gymnase-yverdon.ch\/verriere-veton\/wp-json\/wp\/v2\/media\/428"}],"wp:attachment":[{"href":"https:\/\/cours-info.gymnase-yverdon.ch\/verriere-veton\/wp-json\/wp\/v2\/media?parent=436"}],"wp:term":[{"taxonomy":"product_brand","embeddable":true,"href":"https:\/\/cours-info.gymnase-yverdon.ch\/verriere-veton\/wp-json\/wp\/v2\/product_brand?post=436"},{"taxonomy":"product_cat","embeddable":true,"href":"https:\/\/cours-info.gymnase-yverdon.ch\/verriere-veton\/wp-json\/wp\/v2\/product_cat?post=436"},{"taxonomy":"product_tag","embeddable":true,"href":"https:\/\/cours-info.gymnase-yverdon.ch\/verriere-veton\/wp-json\/wp\/v2\/product_tag?post=436"}],"curies":[{"name":"wp","href":"https:\/\/api.w.org\/{rel}","templated":true}]}}