{"id":144,"date":"2025-04-30T16:10:25","date_gmt":"2025-04-30T14:10:25","guid":{"rendered":"https:\/\/cours-info.gymnase-yverdon.ch\/verriere-veton\/?post_type=product&#038;p=144"},"modified":"2025-05-22T01:37:03","modified_gmt":"2025-05-21T23:37:03","slug":"t-shirt-2","status":"publish","type":"product","link":"https:\/\/cours-info.gymnase-yverdon.ch\/verriere-veton\/produit\/t-shirt-2\/","title":{"rendered":"T-shirt"},"content":{"rendered":"<p>[et_pb_section fb_built=\u00a0\u00bb1&Prime; _builder_version=\u00a0\u00bb4.25.0&Prime; custom_padding=\u00a0\u00bb0px||||false|false\u00a0\u00bb global_colors_info=\u00a0\u00bb{}\u00a0\u00bb][et_pb_row _builder_version=\u00a0\u00bb4.16&Prime; background_size=\u00a0\u00bbinitial\u00a0\u00bb background_position=\u00a0\u00bbtop_left\u00a0\u00bb background_repeat=\u00a0\u00bbrepeat\u00a0\u00bb width=\u00a0\u00bb100%\u00a0\u00bb custom_padding=\u00a0\u00bb0px||0px||false|false\u00a0\u00bb global_colors_info=\u00a0\u00bb{}\u00a0\u00bb][et_pb_column type=\u00a0\u00bb4_4&Prime; _builder_version=\u00a0\u00bb4.16&Prime; custom_padding=\u00a0\u00bb|||\u00a0\u00bb global_colors_info=\u00a0\u00bb{}\u00a0\u00bb custom_padding__hover=\u00a0\u00bb|||\u00a0\u00bb][et_pb_wc_breadcrumb _builder_version=\u00a0\u00bb4.25.0&Prime; body_font=\u00a0\u00bbAnek Devanagari||||||||\u00a0\u00bb body_text_color=\u00a0\u00bb#2A5706&Prime; body_font_size=\u00a0\u00bb14px\u00a0\u00bb global_colors_info=\u00a0\u00bb{}\u00a0\u00bb][\/et_pb_wc_breadcrumb][et_pb_wc_cart_notice _builder_version=\u00a0\u00bb4.16&Prime; global_colors_info=\u00a0\u00bb{}\u00a0\u00bb][\/et_pb_wc_cart_notice][\/et_pb_column][\/et_pb_row][et_pb_row column_structure=\u00a0\u00bb1_2,1_2&Prime; _builder_version=\u00a0\u00bb4.16&Prime; background_size=\u00a0\u00bbinitial\u00a0\u00bb background_position=\u00a0\u00bbtop_left\u00a0\u00bb background_repeat=\u00a0\u00bbrepeat\u00a0\u00bb width=\u00a0\u00bb100%\u00a0\u00bb custom_padding=\u00a0\u00bb0px||||false|false\u00a0\u00bb global_colors_info=\u00a0\u00bb{}\u00a0\u00bb][et_pb_column type=\u00a0\u00bb1_2&Prime; _builder_version=\u00a0\u00bb4.16&Prime; custom_padding=\u00a0\u00bb|||\u00a0\u00bb global_colors_info=\u00a0\u00bb{}\u00a0\u00bb custom_padding__hover=\u00a0\u00bb|||\u00a0\u00bb][et_pb_wc_images _builder_version=\u00a0\u00bb4.16&Prime; global_colors_info=\u00a0\u00bb{}\u00a0\u00bb][\/et_pb_wc_images][\/et_pb_column][et_pb_column type=\u00a0\u00bb1_2&Prime; _builder_version=\u00a0\u00bb4.16&Prime; custom_padding=\u00a0\u00bb|||\u00a0\u00bb global_colors_info=\u00a0\u00bb{}\u00a0\u00bb custom_padding__hover=\u00a0\u00bb|||\u00a0\u00bb][et_pb_wc_title _builder_version=\u00a0\u00bb4.16&Prime; global_colors_info=\u00a0\u00bb{}\u00a0\u00bb][\/et_pb_wc_title][et_pb_wc_rating _builder_version=\u00a0\u00bb4.16&Prime; global_colors_info=\u00a0\u00bb{}\u00a0\u00bb][\/et_pb_wc_rating][et_pb_wc_price _builder_version=\u00a0\u00bb4.16&Prime; global_colors_info=\u00a0\u00bb{}\u00a0\u00bb][\/et_pb_wc_price][et_pb_wc_description _builder_version=\u00a0\u00bb4.16&Prime; global_colors_info=\u00a0\u00bb{}\u00a0\u00bb][\/et_pb_wc_description][et_pb_wc_add_to_cart _builder_version=\u00a0\u00bb4.25.0&Prime; fields_background_color=\u00a0\u00bb#2A5706&Prime; fields_text_color=\u00a0\u00bb#F8F4D9&Prime; fields_focus_background_color=\u00a0\u00bb#2A5706&Prime; fields_focus_text_color=\u00a0\u00bb#F8F4D9&Prime; custom_button=\u00a0\u00bbon\u00a0\u00bb button_text_color=\u00a0\u00bb#F8F4D9&Prime; button_bg_color=\u00a0\u00bb#2A5706&Prime; button_border_width=\u00a0\u00bb0px\u00a0\u00bb button_border_color=\u00a0\u00bb#2A5706&Prime; button_border_radius=\u00a0\u00bb18px\u00a0\u00bb button_font=\u00a0\u00bbAnek Devanagari||||||||\u00a0\u00bb button_icon_color=\u00a0\u00bb#F8F4D9&Prime; global_colors_info=\u00a0\u00bb{}\u00a0\u00bb][\/et_pb_wc_add_to_cart][et_pb_wc_meta _builder_version=\u00a0\u00bb4.16&Prime; global_colors_info=\u00a0\u00bb{}\u00a0\u00bb][\/et_pb_wc_meta][\/et_pb_column][\/et_pb_row][et_pb_row _builder_version=\u00a0\u00bb4.16&Prime; background_size=\u00a0\u00bbinitial\u00a0\u00bb background_position=\u00a0\u00bbtop_left\u00a0\u00bb background_repeat=\u00a0\u00bbrepeat\u00a0\u00bb width=\u00a0\u00bb100%\u00a0\u00bb global_colors_info=\u00a0\u00bb{}\u00a0\u00bb][et_pb_column type=\u00a0\u00bb4_4&Prime; _builder_version=\u00a0\u00bb4.16&Prime; custom_padding=\u00a0\u00bb|||\u00a0\u00bb global_colors_info=\u00a0\u00bb{}\u00a0\u00bb custom_padding__hover=\u00a0\u00bb|||\u00a0\u00bb][et_pb_wc_tabs _builder_version=\u00a0\u00bb4.16&Prime; global_colors_info=\u00a0\u00bb{}\u00a0\u00bb]\t\t\t\t\t[\/et_pb_wc_tabs][et_pb_wc_upsells _builder_version=\u00a0\u00bb4.16&Prime; global_colors_info=\u00a0\u00bb{}\u00a0\u00bb][\/et_pb_wc_upsells][et_pb_wc_related_products _builder_version=\u00a0\u00bb4.16&Prime; global_colors_info=\u00a0\u00bb{}\u00a0\u00bb][\/et_pb_wc_related_products][\/et_pb_column][\/et_pb_row][\/et_pb_section]<\/p>\n","protected":false},"excerpt":{"rendered":"<p><strong data-start=\"179\" data-end=\"215\">T-shirt unisexe \u2013 Style au choix<\/strong><\/p>\n","protected":false},"featured_media":432,"comment_status":"open","ping_status":"closed","template":"","meta":{"_et_pb_use_builder":"on","_et_pb_old_content":"<p data-start=\"217\" data-end=\"497\">Envie d\u2019un t-shirt \u00e0 la fois styl\u00e9, confortable et facile \u00e0 porter ? Ce mod\u00e8le unisexe est fait pour toi. Con\u00e7u pour s\u2019adapter \u00e0 toutes les morphologies, il offre une coupe classique et agr\u00e9able, parfaite pour un look casual, street ou tendance selon le style disponible en stock.<\/p>\r\n<p data-start=\"499\" data-end=\"825\">\ud83e\uddf5 <strong data-start=\"502\" data-end=\"514\">Design :<\/strong> Style au choix selon les mod\u00e8les en stock<br data-start=\"556\" data-end=\"559\" \/>\ud83c\udfa8 <strong data-start=\"562\" data-end=\"576\">Couleurs :<\/strong> Variables selon les disponibilit\u00e9s<br data-start=\"611\" data-end=\"614\" \/>\ud83d\udccf <strong data-start=\"617\" data-end=\"630\">Tailles :<\/strong> Celles actuellement disponibles en stock (envoie un message pour conna\u00eetre les tailles exactes)<br data-start=\"726\" data-end=\"729\" \/>\ud83c\udf3f <strong data-start=\"732\" data-end=\"745\">Mati\u00e8re :<\/strong> Confort garanti avec un tissu doux et respirant, id\u00e9al \u00e0 porter toute l\u2019ann\u00e9e<\/p>","_et_gb_content_width":""},"product_brand":[],"product_cat":[19],"product_tag":[23,29,25,24],"class_list":{"0":"post-144","1":"product","2":"type-product","3":"status-publish","4":"has-post-thumbnail","6":"product_cat-vetements","7":"product_tag-haut","8":"product_tag-sport","9":"product_tag-t-shirt","10":"product_tag-top","12":"first","13":"instock","14":"shipping-taxable","15":"purchasable","16":"product-type-simple"},"_links":{"self":[{"href":"https:\/\/cours-info.gymnase-yverdon.ch\/verriere-veton\/wp-json\/wp\/v2\/product\/144","targetHints":{"allow":["GET"]}}],"collection":[{"href":"https:\/\/cours-info.gymnase-yverdon.ch\/verriere-veton\/wp-json\/wp\/v2\/product"}],"about":[{"href":"https:\/\/cours-info.gymnase-yverdon.ch\/verriere-veton\/wp-json\/wp\/v2\/types\/product"}],"replies":[{"embeddable":true,"href":"https:\/\/cours-info.gymnase-yverdon.ch\/verriere-veton\/wp-json\/wp\/v2\/comments?post=144"}],"wp:featuredmedia":[{"embeddable":true,"href":"https:\/\/cours-info.gymnase-yverdon.ch\/verriere-veton\/wp-json\/wp\/v2\/media\/432"}],"wp:attachment":[{"href":"https:\/\/cours-info.gymnase-yverdon.ch\/verriere-veton\/wp-json\/wp\/v2\/media?parent=144"}],"wp:term":[{"taxonomy":"product_brand","embeddable":true,"href":"https:\/\/cours-info.gymnase-yverdon.ch\/verriere-veton\/wp-json\/wp\/v2\/product_brand?post=144"},{"taxonomy":"product_cat","embeddable":true,"href":"https:\/\/cours-info.gymnase-yverdon.ch\/verriere-veton\/wp-json\/wp\/v2\/product_cat?post=144"},{"taxonomy":"product_tag","embeddable":true,"href":"https:\/\/cours-info.gymnase-yverdon.ch\/verriere-veton\/wp-json\/wp\/v2\/product_tag?post=144"}],"curies":[{"name":"wp","href":"https:\/\/api.w.org\/{rel}","templated":true}]}}