{"id":91,"date":"2025-05-14T15:23:50","date_gmt":"2025-05-14T13:23:50","guid":{"rendered":"https:\/\/cours-info.gymnase-yverdon.ch\/verriere-veton\/?page_id=91"},"modified":"2025-06-24T07:45:05","modified_gmt":"2025-06-24T05:45:05","slug":"accueil","status":"publish","type":"page","link":"https:\/\/cours-info.gymnase-yverdon.ch\/verriere-veton\/","title":{"rendered":"Accueil"},"content":{"rendered":"<p>[et_pb_section fb_built=\u00a0\u00bb1&Prime; _builder_version=\u00a0\u00bb4.25.0&Prime; _module_preset=\u00a0\u00bbdefault\u00a0\u00bb background_color=\u00a0\u00bb#f8f4d9&Prime; min_height=\u00a0\u00bb152.6px\u00a0\u00bb custom_padding=\u00a0\u00bb42px||0px|||\u00a0\u00bb global_colors_info=\u00a0\u00bb{}\u00a0\u00bb][et_pb_row column_structure=\u00a0\u00bb3_4,1_4&Prime; _builder_version=\u00a0\u00bb4.25.0&Prime; _module_preset=\u00a0\u00bbdefault\u00a0\u00bb min_height=\u00a0\u00bb178px\u00a0\u00bb global_colors_info=\u00a0\u00bb{}\u00a0\u00bb][et_pb_column type=\u00a0\u00bb3_4&Prime; _builder_version=\u00a0\u00bb4.25.0&Prime; _module_preset=\u00a0\u00bbdefault\u00a0\u00bb global_colors_info=\u00a0\u00bb{}\u00a0\u00bb][et_pb_text _builder_version=\u00a0\u00bb4.25.0&Prime; _module_preset=\u00a0\u00bbdefault\u00a0\u00bb text_font=\u00a0\u00bbAnton||||||||\u00a0\u00bb text_text_color=\u00a0\u00bb#2A5706&Prime; text_font_size=\u00a0\u00bb55px\u00a0\u00bb text_letter_spacing=\u00a0\u00bb-1px\u00a0\u00bb text_line_height=\u00a0\u00bb1.75em\u00a0\u00bb transform_translate=\u00a0\u00bb-154px|0px\u00a0\u00bb transform_translate_linked=\u00a0\u00bboff\u00a0\u00bb min_height=\u00a0\u00bb119px\u00a0\u00bb global_colors_info=\u00a0\u00bb{}\u00a0\u00bb]<\/p>\n<p>BIENVENUS SUR LE SITE DE LA VERRIERE DU GYMNASE D&rsquo;YVERDON<\/p>\n<p>[\/et_pb_text][\/et_pb_column][et_pb_column type=\u00a0\u00bb1_4&Prime; _builder_version=\u00a0\u00bb4.25.0&Prime; _module_preset=\u00a0\u00bbdefault\u00a0\u00bb global_colors_info=\u00a0\u00bb{}\u00a0\u00bb][et_pb_image src=\u00a0\u00bbhttps:\/\/cours-info.gymnase-yverdon.ch\/verriere-veton\/wp-content\/uploads\/sites\/31\/2025\/05\/Design-sans-titre-1.jpg\u00a0\u00bb title_text=\u00a0\u00bbDesign sans titre\u00a0\u00bb _builder_version=\u00a0\u00bb4.25.0&Prime; _module_preset=\u00a0\u00bbdefault\u00a0\u00bb transform_scale=\u00a0\u00bb84%|84%\u00a0\u00bb transform_translate=\u00a0\u00bb114px|-19px\u00a0\u00bb transform_translate_linked=\u00a0\u00bboff\u00a0\u00bb global_colors_info=\u00a0\u00bb{}\u00a0\u00bb][\/et_pb_image][\/et_pb_column][\/et_pb_row][\/et_pb_section][et_pb_section fb_built=\u00a0\u00bb1&Prime; _builder_version=\u00a0\u00bb4.25.0&Prime; _module_preset=\u00a0\u00bbdefault\u00a0\u00bb background_color=\u00a0\u00bb#f8f4d9&Prime; background_video_mp4=\u00a0\u00bbhttps:\/\/cours-info.gymnase-yverdon.ch\/verriere-veton\/wp-content\/uploads\/sites\/31\/2025\/04\/IMG_0416.mov\u00a0\u00bb width=\u00a0\u00bb100%\u00a0\u00bb max_width=\u00a0\u00bb100%\u00a0\u00bb height=\u00a0\u00bb1000px\u00a0\u00bb max_height=\u00a0\u00bb1000px\u00a0\u00bb custom_margin=\u00a0\u00bb2px||0px|||\u00a0\u00bb custom_padding=\u00a0\u00bb||0px|||\u00a0\u00bb filter_brightness=\u00a0\u00bb69%\u00a0\u00bb filter_contrast=\u00a0\u00bb121%\u00a0\u00bb global_colors_info=\u00a0\u00bb{}\u00a0\u00bb][et_pb_row _builder_version=\u00a0\u00bb4.25.0&Prime; _module_preset=\u00a0\u00bbdefault\u00a0\u00bb filter_brightness=\u00a0\u00bb200%\u00a0\u00bb global_colors_info=\u00a0\u00bb{}\u00a0\u00bb][et_pb_column type=\u00a0\u00bb4_4&Prime; _builder_version=\u00a0\u00bb4.25.0&Prime; _module_preset=\u00a0\u00bbdefault\u00a0\u00bb global_colors_info=\u00a0\u00bb{}\u00a0\u00bb][et_pb_text _builder_version=\u00a0\u00bb4.25.0&Prime; _module_preset=\u00a0\u00bbdefault\u00a0\u00bb text_text_color=\u00a0\u00bb#FFFFFF\u00a0\u00bb text_font_size=\u00a0\u00bb51px\u00a0\u00bb text_line_height=\u00a0\u00bb1.8em\u00a0\u00bb global_colors_info=\u00a0\u00bb{}\u00a0\u00bb]<\/p>\n<p><strong>Nous nous situons ici, au Gymnase d&rsquo;Yverdon\u00a0<\/strong><\/p>\n<p><strong><\/strong><\/p>\n<p>[\/et_pb_text][\/et_pb_column][\/et_pb_row][et_pb_row column_structure=\u00a0\u00bb2_5,3_5&Prime; _builder_version=\u00a0\u00bb4.25.0&Prime; _module_preset=\u00a0\u00bbdefault\u00a0\u00bb transform_scale=\u00a0\u00bb114%|114%\u00a0\u00bb filter_brightness=\u00a0\u00bb159%\u00a0\u00bb global_colors_info=\u00a0\u00bb{}\u00a0\u00bb][et_pb_column type=\u00a0\u00bb2_5&Prime; _builder_version=\u00a0\u00bb4.25.0&Prime; _module_preset=\u00a0\u00bbdefault\u00a0\u00bb global_colors_info=\u00a0\u00bb{}\u00a0\u00bb][et_pb_image src=\u00a0\u00bbhttps:\/\/cours-info.gymnase-yverdon.ch\/verriere-veton\/wp-content\/uploads\/sites\/31\/2025\/05\/Capture-decran-2025-05-20-a-21.10.03.png\u00a0\u00bb title_text=\u00a0\u00bbCapture d\u2019\u00e9cran 2025-05-20 \u00e0 21.10.03&Prime; _builder_version=\u00a0\u00bb4.25.0&Prime; _module_preset=\u00a0\u00bbdefault\u00a0\u00bb transform_scale=\u00a0\u00bb118%|118%\u00a0\u00bb filter_brightness=\u00a0\u00bb75%\u00a0\u00bb global_colors_info=\u00a0\u00bb{}\u00a0\u00bb][\/et_pb_image][\/et_pb_column][et_pb_column type=\u00a0\u00bb3_5&Prime; _builder_version=\u00a0\u00bb4.25.0&Prime; _module_preset=\u00a0\u00bbdefault\u00a0\u00bb global_colors_info=\u00a0\u00bb{}\u00a0\u00bb][et_pb_search button_color=\u00a0\u00bb#2A5706&Prime; placeholder_color=\u00a0\u00bb#000000&Prime; _builder_version=\u00a0\u00bb4.25.0&Prime; _module_preset=\u00a0\u00bbdefault\u00a0\u00bb form_field_background_color=\u00a0\u00bb#F8F4D9&Prime; form_field_text_color=\u00a0\u00bb#000000&Prime; form_field_focus_background_color=\u00a0\u00bb#F8F4D9&Prime; form_field_focus_text_color=\u00a0\u00bb#000000&Prime; form_field_font=\u00a0\u00bbAnek Devanagari||||||||\u00a0\u00bb background_color=\u00a0\u00bb#F8F4D9&Prime; background_layout=\u00a0\u00bbdark\u00a0\u00bb custom_margin=\u00a0\u00bb|||25px||\u00a0\u00bb global_colors_info=\u00a0\u00bb{}\u00a0\u00bb][\/et_pb_search][et_pb_button button_url=\u00a0\u00bbhttps:\/\/cours-info.gymnase-yverdon.ch\/verriere-veton\/produits\/\u00a0\u00bb button_text=\u00a0\u00bbNos produits\u00a0\u00bb _builder_version=\u00a0\u00bb4.25.0&Prime; _module_preset=\u00a0\u00bbdefault\u00a0\u00bb custom_button=\u00a0\u00bbon\u00a0\u00bb button_text_size=\u00a0\u00bb26px\u00a0\u00bb button_text_color=\u00a0\u00bb#F8F4D9&Prime; button_bg_color=\u00a0\u00bb#2A5706&Prime; button_border_width=\u00a0\u00bb0px\u00a0\u00bb button_border_color=\u00a0\u00bb#4f4f4f\u00a0\u00bb button_border_radius=\u00a0\u00bb21px\u00a0\u00bb button_icon_color=\u00a0\u00bb#000000&Prime; background_layout=\u00a0\u00bbdark\u00a0\u00bb custom_margin=\u00a0\u00bb50px|||25px|false|false\u00a0\u00bb filter_saturate=\u00a0\u00bb200%\u00a0\u00bb filter_contrast=\u00a0\u00bb200%\u00a0\u00bb global_colors_info=\u00a0\u00bb{}\u00a0\u00bb][\/et_pb_button][\/et_pb_column][\/et_pb_row][\/et_pb_section][et_pb_section fb_built=\u00a0\u00bb1&Prime; _builder_version=\u00a0\u00bb4.25.0&Prime; _module_preset=\u00a0\u00bbdefault\u00a0\u00bb background_color=\u00a0\u00bb#f8f4d9&Prime; min_height=\u00a0\u00bb900.1px\u00a0\u00bb custom_margin=\u00a0\u00bb-164px|||||\u00a0\u00bb custom_padding=\u00a0\u00bb0px|||||\u00a0\u00bb global_colors_info=\u00a0\u00bb{}\u00a0\u00bb][et_pb_row _builder_version=\u00a0\u00bb4.25.0&Prime; _module_preset=\u00a0\u00bbdefault\u00a0\u00bb min_height=\u00a0\u00bb103.8px\u00a0\u00bb custom_padding=\u00a0\u00bb||44px|||\u00a0\u00bb global_colors_info=\u00a0\u00bb{}\u00a0\u00bb][et_pb_column type=\u00a0\u00bb4_4&Prime; _builder_version=\u00a0\u00bb4.25.0&Prime; _module_preset=\u00a0\u00bbdefault\u00a0\u00bb global_colors_info=\u00a0\u00bb{}\u00a0\u00bb][et_pb_text _builder_version=\u00a0\u00bb4.25.0&Prime; _module_preset=\u00a0\u00bbdefault\u00a0\u00bb text_font=\u00a0\u00bbAnek Devanagari||||||||\u00a0\u00bb text_text_color=\u00a0\u00bb#2a5706&Prime; text_font_size=\u00a0\u00bb48px\u00a0\u00bb text_letter_spacing=\u00a0\u00bb-4px\u00a0\u00bb text_orientation=\u00a0\u00bbcenter\u00a0\u00bb min_height=\u00a0\u00bb42.8px\u00a0\u00bb custom_margin=\u00a0\u00bb44px|||||\u00a0\u00bb global_colors_info=\u00a0\u00bb{}\u00a0\u00bb]<\/p>\n<p style=\"text-align: center\">L&rsquo;histoire de la Verri\u00e8re<\/p>\n<p>[\/et_pb_text][\/et_pb_column][\/et_pb_row][et_pb_row _builder_version=\u00a0\u00bb4.25.0&Prime; _module_preset=\u00a0\u00bbdefault\u00a0\u00bb global_colors_info=\u00a0\u00bb{}\u00a0\u00bb][et_pb_column type=\u00a0\u00bb4_4&Prime; _builder_version=\u00a0\u00bb4.25.0&Prime; _module_preset=\u00a0\u00bbdefault\u00a0\u00bb global_colors_info=\u00a0\u00bb{}\u00a0\u00bb][et_pb_accordion _builder_version=\u00a0\u00bb4.25.0&Prime; _module_preset=\u00a0\u00bbdefault\u00a0\u00bb toggle_text_color=\u00a0\u00bb#FFFFFF\u00a0\u00bb toggle_font=\u00a0\u00bbAnek Devanagari|600|||||||\u00a0\u00bb toggle_text_align=\u00a0\u00bbleft\u00a0\u00bb toggle_font_size=\u00a0\u00bb23px\u00a0\u00bb body_text_color=\u00a0\u00bb#FFFFFF\u00a0\u00bb global_colors_info=\u00a0\u00bb{}\u00a0\u00bb][et_pb_accordion_item title=\u00a0\u00bbNotre Histoire \u00a0\u00bb open=\u00a0\u00bboff\u00a0\u00bb _builder_version=\u00a0\u00bb4.25.0&Prime; _module_preset=\u00a0\u00bbdefault\u00a0\u00bb hover_enabled=\u00a0\u00bb0&Prime; inline_fonts=\u00a0\u00bbAnek Devanagari\u00a0\u00bb global_colors_info=\u00a0\u00bb{}\u00a0\u00bb sticky_enabled=\u00a0\u00bb0&Prime;]<\/p>\n<p class=\"western\" align=\"justify\" style=\"margin-bottom: 0in; line-height: 115%;\"><span style=\"font-family: Avenir Book, sans-serif;\"><span style=\"font-size: small;\">\u00ab\u00a0La Verri\u00e8re\u00a0\u00bb est un local situ\u00e9 au rez-de-chauss\u00e9e du b\u00e2timent C qui accueille une ressourcerie destin\u00e9e \u00e0 toutes les personnes qui travaillent sur le site du gymnase d\u2019Yverdon (\u00e9tudiant\u00b7e\u00b7s, enseignant\u00b7e\u00b7s, personnel technique et administratif, apprentis, etc.). Elle a \u00e9t\u00e9 inaugur\u00e9e au printemps 2023, apr\u00e8s une Semaine Sp\u00e9ciale qui a permis de cr\u00e9er les meubles qui s\u2019y trouvent (des palettes transform\u00e9es).<\/span><\/span><\/p>\n<p class=\"western\" align=\"justify\" style=\"margin-bottom: 0in; line-height: 115%;\"><span style=\"font-family: Avenir Book, sans-serif;\"><span style=\"font-size: small;\">Il s\u2019agit d\u00e9sormais d\u2019un lieu o\u00f9 des habits, des chaussures, du mat\u00e9riel de cours (manuels, lectures en langues, formulaires), des livres, des sacs, des bijoux notamment, sont propos\u00e9s \u00e0 tr\u00e8s bas co\u00fbts ou sont troqu\u00e9s.<\/span><\/span><\/p>\n<p class=\"western\" align=\"justify\" style=\"margin-bottom: 0in; line-height: 115%;\"><span style=\"font-family: Avenir Book, sans-serif;\"><span style=\"font-size: small;\">Le projet est chapeaut\u00e9 par un groupe de travail constitu\u00e9 de plusieurs \u00e9tudiant\u00b7e\u00b7s, d\u2019enseignant\u00b7e\u00b7s et de membres du groupe de soutien\/de sant\u00e9.<\/span><\/span><\/p>\n<p class=\"western\" align=\"justify\" style=\"margin-bottom: 0in; line-height: 115%;\">\n<p class=\"western\" align=\"justify\" style=\"margin-bottom: 0in; line-height: 115%;\"><span style=\"font-family: Avenir Book, sans-serif;\"><span style=\"font-size: small;\">Ce groupe, dynamique et vari\u00e9 en terme au niveau des profils des personnes engag\u00e9es, permet ainsi d\u2019envisager de nouveaux projets au sein de ce local\u00a0: ateliers de r\u00e9paration, de customisation, d\u00e9fil\u00e9s, bourse aux livres, etc.<\/span><\/span><\/p>\n<p class=\"western\" align=\"justify\" style=\"margin-bottom: 0in; line-height: 115%;\">\n<p class=\"western\" align=\"justify\" style=\"margin-bottom: 0in; line-height: 115%;\">\n<p class=\"western\" align=\"right\" style=\"margin-bottom: 0in; line-height: 115%;\"><span style=\"font-family: Avenir Book, sans-serif;\"><span style=\"font-size: small;\">Pour le GT \u00ab\u00a0La Verri\u00e8re\u00a0\u00bb, Malika Trachsel (enseignante de g\u00e9ographie et d\u2019histoire)<\/span><\/span><\/p>\n<p>[\/et_pb_accordion_item][et_pb_accordion_item title=\u00a0\u00bbPr\u00e9sentation de la verri\u00e8re\u00a0\u00bb _builder_version=\u00a0\u00bb4.25.0&Prime; _module_preset=\u00a0\u00bbdefault\u00a0\u00bb inline_fonts=\u00a0\u00bbAbel\u00a0\u00bb global_colors_info=\u00a0\u00bb{}\u00a0\u00bb open=\u00a0\u00bboff\u00a0\u00bb]<\/p>\n<p class=\"western\" align=\"justify\" style=\"margin-bottom: 0in; line-height: 115%;\"><span style=\"font-family: Avenir Book, sans-serif;\"><span style=\"font-size: small;\">Bienvenue sur le site de la verri\u00e8re du gymnase d\u2019Yverdon, une plateforme d\u00e9di\u00e9e \u00e0 donner une seconde vie aux objets !<\/span><\/span><\/p>\n<p class=\"western\" align=\"justify\" style=\"margin-bottom: 0in; line-height: 115%;\"><span style=\"font-family: Avenir Book, sans-serif;\"><span style=\"font-size: small;\">La Verri\u00e8re est un local situ\u00e9 au c\u0153ur du gymnase d\u2019Yverdon, au rez-de-chauss\u00e9e du b\u00e2timent C, qui permet de donner une seconde vie \u00e0 des objets, en bon \u00e9tat, mais dont les propri\u00e9taires n\u2019ont plus l\u2019utilit\u00e9.<\/span><\/span><\/p>\n<p class=\"western\" align=\"justify\" style=\"margin-bottom: 0in; line-height: 115%;\"><span style=\"font-family: Avenir Book, sans-serif;\"><span style=\"font-size: small;\">Il peut s\u2019agir\u00a0: d\u2019habits, de chaussures, de sacs, de bijoux, de mat\u00e9riel de cours (livres, cahiers, stylos, classeurs, etc.), de mat\u00e9riel de sport, et autres en fonction des id\u00e9es et besoins des \u00e9l\u00e8ves et du personnel du gymnase d\u2019Yverdon.<\/span><\/span><\/p>\n<p>&nbsp;<\/p>\n<h4><\/h4>\n<p>[\/et_pb_accordion_item][et_pb_accordion_item title=\u00a0\u00bbPourquoi choisir la verri\u00e8re ?\u00a0\u00bb _builder_version=\u00a0\u00bb4.25.0&Prime; _module_preset=\u00a0\u00bbdefault\u00a0\u00bb global_colors_info=\u00a0\u00bb{}\u00a0\u00bb open=\u00a0\u00bboff\u00a0\u00bb]<\/p>\n<p>&nbsp;<\/p>\n<ul>\n<li>\ud83d\udd04 Pour consommer autrement<\/li>\n<li data-start=\"619\" data-end=\"672\"><span><span>\ud83c\udf31 <\/span><\/span><span style=\"font-family: Avenir Book, sans-serif;\"><span style=\"font-size: small;\">Pour consommer plus en ad\u00e9quation avec nos ressources plan\u00e9taires<\/span><\/span><\/li>\n<li>\ud83d\udcb8 Pour faire des \u00e9conomies<\/li>\n<li>\ud83e\udd1d Pour rejoindre une communaut\u00e9 engag\u00e9e et bienveillante<\/li>\n<\/ul>\n<p>[\/et_pb_accordion_item][et_pb_accordion_item title=\u00a0\u00bbNotre mission: \u00a0\u00bb _builder_version=\u00a0\u00bb4.25.0&Prime; _module_preset=\u00a0\u00bbdefault\u00a0\u00bb global_colors_info=\u00a0\u00bb{}\u00a0\u00bb open=\u00a0\u00bbon\u00a0\u00bb]<\/p>\n<p class=\"western\" align=\"justify\" style=\"margin-bottom: 0in; line-height: 115%;\"><span style=\"font-family: Avenir Book, sans-serif;\"><span style=\"font-size: small;\">Rendre la seconde-main accessible \u00e0 toutes et \u00e0 tous, dans un cadre s\u00e9curis\u00e9, pratique et agr\u00e9able.<\/span><\/span><\/p>\n<p class=\"western\" align=\"justify\" style=\"margin-bottom: 0in; line-height: 115%;\"><span style=\"font-family: Avenir Book, sans-serif;\"><span style=\"font-size: small;\">Rejoignez le mouvement et encouragez une \u00e9conomie plus durable et circulaire.<\/span><\/span><\/p>\n<p class=\"western\" align=\"justify\" style=\"margin-bottom: 0in; line-height: 115%;\"><span style=\"font-family: Avenir Book, sans-serif;\"><span style=\"font-size: small;\">Notre\u00a0projet permet ainsi de repenser notre consommation et de la faire \u00e9voluer gr\u00e2ce \u00e0 un local, au sein m\u00eame du gymnase, qui encourage la revalorisation de textiles et d\u2019objets en tous genres.<\/span><\/span><\/p>\n<p>[\/et_pb_accordion_item][\/et_pb_accordion][\/et_pb_column][\/et_pb_row][\/et_pb_section]<\/p>\n","protected":false},"excerpt":{"rendered":"<p>BIENVENUS SUR LE SITE DE LA VERRIERE DU GYMNASE D&rsquo;YVERDONNous nous situons ici, au Gymnase d&rsquo;Yverdon\u00a0 L&rsquo;histoire de la Verri\u00e8re\u00ab\u00a0La Verri\u00e8re\u00a0\u00bb est un local situ\u00e9 au rez-de-chauss\u00e9e du b\u00e2timent C qui accueille une ressourcerie destin\u00e9e \u00e0 toutes les personnes qui travaillent sur le site du gymnase d\u2019Yverdon (\u00e9tudiant\u00b7e\u00b7s, enseignant\u00b7e\u00b7s, personnel technique et administratif, apprentis, etc.). [&hellip;]<\/p>\n","protected":false},"author":26,"featured_media":0,"parent":0,"menu_order":1,"comment_status":"closed","ping_status":"closed","template":"","meta":{"_et_pb_use_builder":"on","_et_pb_old_content":"","_et_gb_content_width":"","footnotes":""},"class_list":["post-91","page","type-page","status-publish","hentry"],"_links":{"self":[{"href":"https:\/\/cours-info.gymnase-yverdon.ch\/verriere-veton\/wp-json\/wp\/v2\/pages\/91","targetHints":{"allow":["GET"]}}],"collection":[{"href":"https:\/\/cours-info.gymnase-yverdon.ch\/verriere-veton\/wp-json\/wp\/v2\/pages"}],"about":[{"href":"https:\/\/cours-info.gymnase-yverdon.ch\/verriere-veton\/wp-json\/wp\/v2\/types\/page"}],"author":[{"embeddable":true,"href":"https:\/\/cours-info.gymnase-yverdon.ch\/verriere-veton\/wp-json\/wp\/v2\/users\/26"}],"replies":[{"embeddable":true,"href":"https:\/\/cours-info.gymnase-yverdon.ch\/verriere-veton\/wp-json\/wp\/v2\/comments?post=91"}],"version-history":[{"count":36,"href":"https:\/\/cours-info.gymnase-yverdon.ch\/verriere-veton\/wp-json\/wp\/v2\/pages\/91\/revisions"}],"predecessor-version":[{"id":453,"href":"https:\/\/cours-info.gymnase-yverdon.ch\/verriere-veton\/wp-json\/wp\/v2\/pages\/91\/revisions\/453"}],"wp:attachment":[{"href":"https:\/\/cours-info.gymnase-yverdon.ch\/verriere-veton\/wp-json\/wp\/v2\/media?parent=91"}],"curies":[{"name":"wp","href":"https:\/\/api.w.org\/{rel}","templated":true}]}}