{"id":459,"date":"2025-06-24T09:28:46","date_gmt":"2025-06-24T07:28:46","guid":{"rendered":"https:\/\/cours-info.gymnase-yverdon.ch\/verriere-veton\/?page_id=459"},"modified":"2025-06-24T10:33:25","modified_gmt":"2025-06-24T08:33:25","slug":"faq","status":"publish","type":"page","link":"https:\/\/cours-info.gymnase-yverdon.ch\/verriere-veton\/faq\/","title":{"rendered":"FAQ"},"content":{"rendered":"<p>[et_pb_section fb_built=\u00a0\u00bb1&Prime; _builder_version=\u00a0\u00bb4.25.0&Prime; _module_preset=\u00a0\u00bbdefault\u00a0\u00bb global_colors_info=\u00a0\u00bb{}\u00a0\u00bb][et_pb_row use_custom_gutter=\u00a0\u00bbon\u00a0\u00bb _builder_version=\u00a0\u00bb4.25.0&Prime; _module_preset=\u00a0\u00bbdefault\u00a0\u00bb width=\u00a0\u00bb100%\u00a0\u00bb module_alignment=\u00a0\u00bbleft\u00a0\u00bb custom_padding=\u00a0\u00bb|||0px||\u00a0\u00bb global_colors_info=\u00a0\u00bb{}\u00a0\u00bb][et_pb_column type=\u00a0\u00bb4_4&Prime; _builder_version=\u00a0\u00bb4.25.0&Prime; _module_preset=\u00a0\u00bbdefault\u00a0\u00bb global_colors_info=\u00a0\u00bb{}\u00a0\u00bb][et_pb_text _builder_version=\u00a0\u00bb4.25.0&Prime; _module_preset=\u00a0\u00bbdefault\u00a0\u00bb header_text_align=\u00a0\u00bbcenter\u00a0\u00bb header_text_color=\u00a0\u00bb#FFFFFF\u00a0\u00bb header_font_size=\u00a0\u00bb85px\u00a0\u00bb background_image=\u00a0\u00bbhttps:\/\/cours-info.gymnase-yverdon.ch\/verriere-veton\/wp-content\/uploads\/sites\/31\/2025\/06\/Vue-interieure_FAQ.jpg\u00a0\u00bb width=\u00a0\u00bb150%\u00a0\u00bb height=\u00a0\u00bb200px\u00a0\u00bb global_colors_info=\u00a0\u00bb{}\u00a0\u00bb]<\/p>\n<h1 style=\"text-align: center;\"><\/h1>\n<h1 style=\"text-align: center;\"><\/h1>\n<h1 style=\"text-align: center;\"><\/h1>\n<h1 style=\"text-align: center;\"><\/h1>\n<h1 style=\"text-align: center;\"><\/h1>\n<h1 style=\"text-align: center;\"><\/h1>\n<h1 style=\"text-align: center;\"><\/h1>\n<h1 style=\"text-align: center;\"><\/h1>\n<h1 style=\"text-align: center;\">Foire aux Questions<\/h1>\n<p>[\/et_pb_text][\/et_pb_column][\/et_pb_row][et_pb_row column_structure=\u00a0\u00bb1_2,1_2&Prime; _builder_version=\u00a0\u00bb4.25.0&Prime; _module_preset=\u00a0\u00bbdefault\u00a0\u00bb global_colors_info=\u00a0\u00bb{}\u00a0\u00bb][et_pb_column type=\u00a0\u00bb1_2&Prime; _builder_version=\u00a0\u00bb4.25.0&Prime; _module_preset=\u00a0\u00bbdefault\u00a0\u00bb global_colors_info=\u00a0\u00bb{}\u00a0\u00bb][et_pb_toggle title=\u00a0\u00bbQu&rsquo;est-ce que La Verri\u00e8re ?\u00a0\u00bb open_toggle_text_color=\u00a0\u00bb#F8F4D9&Prime; closed_toggle_text_color=\u00a0\u00bb#F8F4D9&Prime; _builder_version=\u00a0\u00bb4.25.0&Prime; _module_preset=\u00a0\u00bbdefault\u00a0\u00bb background_color=\u00a0\u00bb#2A5706&Prime; global_colors_info=\u00a0\u00bb{}\u00a0\u00bb]<\/p>\n<p><span lang=\"FR\" id=\"yui_3_18_1_1_1746002569496_37\">La Verri\u00e8re est une initiative du Gymnase d\u2019Yverdon pour permettre aux objets de trouver une seconde vie. Situ\u00e9 au rez-de-chauss\u00e9e du b\u00e2timent C, notre local en libre acc\u00e8s vous attend avec tout ce dont vous aurez besoin, allant du mat\u00e9riel scolaire aux v\u00eatements et plus !<\/span><i id=\"yui_3_18_1_1_1746002569496_38\"><span lang=\"FR\" id=\"yui_3_18_1_1_1746002569496_37\"><\/span><\/i><\/p>\n<p>[\/et_pb_toggle][et_pb_toggle title=\u00a0\u00bbQuelles sont les modes de paiement possibles ?\u00a0\u00bb _builder_version=\u00a0\u00bb4.25.0&Prime; _module_preset=\u00a0\u00bbdefault\u00a0\u00bb title_text_color=\u00a0\u00bb#F8F4D9&Prime; background_color=\u00a0\u00bb#2A5706&Prime; global_colors_info=\u00a0\u00bb{}\u00a0\u00bb]<\/p>\n<p><span lang=\"FR\">Pour les utilisateurs de TWINT, un QR code est affich\u00e9 dans La Verri\u00e8re.<br \/><\/span><\/p>\n<p><span lang=\"FR\">Pour les adeptes du troc, vous pouvez \u00e9changer un de vos biens contre un bien de la Verri\u00e8re.<\/span><\/p>\n<p>[\/et_pb_toggle][\/et_pb_column][et_pb_column type=\u00a0\u00bb1_2&Prime; _builder_version=\u00a0\u00bb4.25.0&Prime; _module_preset=\u00a0\u00bbdefault\u00a0\u00bb global_colors_info=\u00a0\u00bb{}\u00a0\u00bb][et_pb_toggle title=\u00a0\u00bbPourquoi utiliser La Verri\u00e8re ?\u00a0\u00bb open_toggle_text_color=\u00a0\u00bb#F8F4D9&Prime; closed_toggle_text_color=\u00a0\u00bb#F8F4D9&Prime; _builder_version=\u00a0\u00bb4.25.0&Prime; _module_preset=\u00a0\u00bbdefault\u00a0\u00bb background_color=\u00a0\u00bb#2A5706&Prime; global_colors_info=\u00a0\u00bb{}\u00a0\u00bb]<\/p>\n<p>En achetant des biens \u00e0 La Verri\u00e8re, vous <span lang=\"FR\" id=\"yui_3_18_1_1_1746002569496_37\">donnez une seconde vie \u00e0 des objets, en bon \u00e9tat, mais dont les propri\u00e9taires n\u2019ont plus l\u2019utilit\u00e9. <\/span><\/p>\n<p>[\/et_pb_toggle][et_pb_toggle title=\u00a0\u00bbJ&rsquo;ai une id\u00e9e mais je ne sais pas qui contacter ?\u00a0\u00bb open_toggle_text_color=\u00a0\u00bb#F8F4D9&Prime; closed_toggle_text_color=\u00a0\u00bb#F8F4D9&Prime; _builder_version=\u00a0\u00bb4.25.0&Prime; _module_preset=\u00a0\u00bbdefault\u00a0\u00bb background_color=\u00a0\u00bb#2A5706&Prime; global_colors_info=\u00a0\u00bb{}\u00a0\u00bb]<\/p>\n<p id=\"yui_3_18_1_1_1746002569496_39\"><span lang=\"FR\" id=\"yui_3_18_1_1_1746002569496_37\">Dans l\u2019esprit de La Verri\u00e8re, des ateliers devraient voir le jour dans le courant de l\u2019ann\u00e9e civile 2025 : atelier Repair Caf\u00e9, atelier de cr\u00e9ations ou autres !<br \/><\/span><\/p>\n<p><span lang=\"FR\">Si tu souhaites mettre sur pied un atelier (jour et heure de ton choix), n\u2019h\u00e9site \u00e0 nous faire part de ton id\u00e9e en utilisant <a href=\"https:\/\/cours-info.gymnase-yverdon.ch\/verriere-anastasia\/page-de-contact\/\">notre formulaire de contact<\/a>.<\/span><span lang=\"FR\"><\/span><\/p>\n<p><span lang=\"FR\">Toute proposition \/ collaboration est la bienvenue (\u00e0 mener en solo ou en groupe). <\/span><\/p>\n<p>[\/et_pb_toggle][\/et_pb_column][\/et_pb_row][et_pb_row _builder_version=\u00a0\u00bb4.25.0&Prime; _module_preset=\u00a0\u00bbdefault\u00a0\u00bb global_colors_info=\u00a0\u00bb{}\u00a0\u00bb][et_pb_column type=\u00a0\u00bb4_4&Prime; _builder_version=\u00a0\u00bb4.25.0&Prime; _module_preset=\u00a0\u00bbdefault\u00a0\u00bb global_colors_info=\u00a0\u00bb{}\u00a0\u00bb][et_pb_button button_text=\u00a0\u00bbDes Questions ? Contactez-nous ? \u00a0\u00bb button_alignment=\u00a0\u00bbcenter\u00a0\u00bb _builder_version=\u00a0\u00bb4.25.0&Prime; _module_preset=\u00a0\u00bbdefault\u00a0\u00bb transform_scale=\u00a0\u00bb202%|202%\u00a0\u00bb hover_enabled=\u00a0\u00bb0&Prime; global_colors_info=\u00a0\u00bb{}\u00a0\u00bb button_url=\u00a0\u00bbhttps:\/\/cours-info.gymnase-yverdon.ch\/verriere-veton\/contact\u00a0\u00bb sticky_enabled=\u00a0\u00bb0&Prime;][\/et_pb_button][\/et_pb_column][\/et_pb_row][\/et_pb_section]<\/p>\n","protected":false},"excerpt":{"rendered":"<p>Foire aux QuestionsLa Verri\u00e8re est une initiative du Gymnase d\u2019Yverdon pour permettre aux objets de trouver une seconde vie. Situ\u00e9 au rez-de-chauss\u00e9e du b\u00e2timent C, notre local en libre acc\u00e8s vous attend avec tout ce dont vous aurez besoin, allant du mat\u00e9riel scolaire aux v\u00eatements et plus !Pour les utilisateurs de TWINT, un QR code [&hellip;]<\/p>\n","protected":false},"author":3,"featured_media":0,"parent":0,"menu_order":0,"comment_status":"closed","ping_status":"closed","template":"","meta":{"_et_pb_use_builder":"on","_et_pb_old_content":"","_et_gb_content_width":"","footnotes":""},"class_list":["post-459","page","type-page","status-publish","hentry"],"_links":{"self":[{"href":"https:\/\/cours-info.gymnase-yverdon.ch\/verriere-veton\/wp-json\/wp\/v2\/pages\/459","targetHints":{"allow":["GET"]}}],"collection":[{"href":"https:\/\/cours-info.gymnase-yverdon.ch\/verriere-veton\/wp-json\/wp\/v2\/pages"}],"about":[{"href":"https:\/\/cours-info.gymnase-yverdon.ch\/verriere-veton\/wp-json\/wp\/v2\/types\/page"}],"author":[{"embeddable":true,"href":"https:\/\/cours-info.gymnase-yverdon.ch\/verriere-veton\/wp-json\/wp\/v2\/users\/3"}],"replies":[{"embeddable":true,"href":"https:\/\/cours-info.gymnase-yverdon.ch\/verriere-veton\/wp-json\/wp\/v2\/comments?post=459"}],"version-history":[{"count":9,"href":"https:\/\/cours-info.gymnase-yverdon.ch\/verriere-veton\/wp-json\/wp\/v2\/pages\/459\/revisions"}],"predecessor-version":[{"id":485,"href":"https:\/\/cours-info.gymnase-yverdon.ch\/verriere-veton\/wp-json\/wp\/v2\/pages\/459\/revisions\/485"}],"wp:attachment":[{"href":"https:\/\/cours-info.gymnase-yverdon.ch\/verriere-veton\/wp-json\/wp\/v2\/media?parent=459"}],"curies":[{"name":"wp","href":"https:\/\/api.w.org\/{rel}","templated":true}]}}