{"id":180,"date":"2025-05-14T16:21:10","date_gmt":"2025-05-14T14:21:10","guid":{"rendered":"https:\/\/cours-info.gymnase-yverdon.ch\/verriere-veton\/?page_id=180"},"modified":"2025-06-24T08:28:10","modified_gmt":"2025-06-24T06:28:10","slug":"180-2","status":"publish","type":"page","link":"https:\/\/cours-info.gymnase-yverdon.ch\/verriere-veton\/180-2\/","title":{"rendered":"Nos \u00e9v\u00e8nements"},"content":{"rendered":"<p>[et_pb_section fb_built=\u00a0\u00bb1&Prime; _builder_version=\u00a0\u00bb4.25.0&Prime; _module_preset=\u00a0\u00bbdefault\u00a0\u00bb background_color=\u00a0\u00bb#f8f4d9&Prime; global_colors_info=\u00a0\u00bb{}\u00a0\u00bb][et_pb_row _builder_version=\u00a0\u00bb4.25.0&Prime; _module_preset=\u00a0\u00bbdefault\u00a0\u00bb global_colors_info=\u00a0\u00bb{}\u00a0\u00bb][et_pb_column type=\u00a0\u00bb4_4&Prime; _builder_version=\u00a0\u00bb4.25.0&Prime; _module_preset=\u00a0\u00bbdefault\u00a0\u00bb global_colors_info=\u00a0\u00bb{}\u00a0\u00bb][et_pb_text _builder_version=\u00a0\u00bb4.25.0&Prime; _module_preset=\u00a0\u00bbdefault\u00a0\u00bb text_font=\u00a0\u00bbAkshar||||||||\u00a0\u00bb text_font_size=\u00a0\u00bb87px\u00a0\u00bb header_font=\u00a0\u00bbAkshar||||||||\u00a0\u00bb header_font_size=\u00a0\u00bb100px\u00a0\u00bb header_2_font_size=\u00a0\u00bb59px\u00a0\u00bb min_height=\u00a0\u00bb237px\u00a0\u00bb custom_margin=\u00a0\u00bb||-82px|||\u00a0\u00bb custom_padding=\u00a0\u00bb7px||0px|||\u00a0\u00bb inline_fonts=\u00a0\u00bbAkshar,Anton\u00a0\u00bb global_colors_info=\u00a0\u00bb{}\u00a0\u00bb]<\/p>\n<h1 style=\"text-align: center\"><span style=\"font-family: Anton;font-weight: normal;color: #2a5706\">Nos \u00e9v\u00e8nements !<\/span><\/h1>\n<p>[\/et_pb_text][\/et_pb_column][\/et_pb_row][et_pb_row column_structure=\u00a0\u00bb1_2,1_2&Prime; _builder_version=\u00a0\u00bb4.25.0&Prime; _module_preset=\u00a0\u00bbdefault\u00a0\u00bb global_colors_info=\u00a0\u00bb{}\u00a0\u00bb][et_pb_column type=\u00a0\u00bb1_2&Prime; _builder_version=\u00a0\u00bb4.25.0&Prime; _module_preset=\u00a0\u00bbdefault\u00a0\u00bb global_colors_info=\u00a0\u00bb{}\u00a0\u00bb][et_pb_image src=\u00a0\u00bbhttps:\/\/cours-info.gymnase-yverdon.ch\/verriere-veton\/wp-content\/uploads\/sites\/31\/2025\/06\/Vente-blouse-et-lunettes-chimie-rentree-2025-pdf.jpg\u00a0\u00bb title_text=\u00a0\u00bbVente blouse et lunettes chimie &#8211; rentr\u00e9e 2025&Prime; _builder_version=\u00a0\u00bb4.25.0&Prime; _module_preset=\u00a0\u00bbdefault\u00a0\u00bb background_color=\u00a0\u00bb#f8f4d9&Prime; hover_enabled=\u00a0\u00bb0&Prime; global_colors_info=\u00a0\u00bb{}\u00a0\u00bb sticky_enabled=\u00a0\u00bb0&Prime;][\/et_pb_image][\/et_pb_column][et_pb_column type=\u00a0\u00bb1_2&Prime; _builder_version=\u00a0\u00bb4.25.0&Prime; _module_preset=\u00a0\u00bbdefault\u00a0\u00bb global_colors_info=\u00a0\u00bb{}\u00a0\u00bb][et_pb_countdown_timer title=\u00a0\u00bbLa journ\u00e9e tr\u00e9sors cach\u00e9s\u00a0\u00bb date_time=\u00a0\u00bb2025-08-21 19:39&Prime; _builder_version=\u00a0\u00bb4.25.0&Prime; _module_preset=\u00a0\u00bbdefault\u00a0\u00bb header_font=\u00a0\u00bbAnek Devanagari||||||||\u00a0\u00bb hover_enabled=\u00a0\u00bb0&Prime; global_colors_info=\u00a0\u00bb{}\u00a0\u00bb sticky_enabled=\u00a0\u00bb0&Prime;][\/et_pb_countdown_timer][et_pb_accordion _builder_version=\u00a0\u00bb4.25.0&Prime; _module_preset=\u00a0\u00bbdefault\u00a0\u00bb body_text_color=\u00a0\u00bb#FFFFFF\u00a0\u00bb background_color=\u00a0\u00bb#f8f4d9&Prime; hover_enabled=\u00a0\u00bb0&Prime; global_colors_info=\u00a0\u00bb{}\u00a0\u00bb sticky_enabled=\u00a0\u00bb0&Prime;][et_pb_accordion_item title=\u00a0\u00bbEn quoi consiste notre \u00e9v\u00e8nement ?\u00a0\u00bb open=\u00a0\u00bbon\u00a0\u00bb _builder_version=\u00a0\u00bb4.25.0&Prime; _module_preset=\u00a0\u00bbdefault\u00a0\u00bb hover_enabled=\u00a0\u00bb0&Prime; inline_fonts=\u00a0\u00bbAnek Devanagari\u00a0\u00bb global_colors_info=\u00a0\u00bb{}\u00a0\u00bb sticky_enabled=\u00a0\u00bb0&Prime;]<\/p>\n<p><span style=\"color: #ffffff; font-family: 'Anek Devanagari';\">Cet \u00e9v\u00e8nement te permettra d&rsquo;acheter une blouse ou des lunettes de chimie de seconde-main et donc de faire des \u00e9conomies par rapport \u00e0 du mat\u00e9riel neuf. <\/span><\/p>\n<p>[\/et_pb_accordion_item][\/et_pb_accordion][\/et_pb_column][\/et_pb_row][et_pb_row _builder_version=\u00a0\u00bb4.25.0&Prime; _module_preset=\u00a0\u00bbdefault\u00a0\u00bb column_structure=\u00a0\u00bb1_2,1_2&Prime;][et_pb_column _builder_version=\u00a0\u00bb4.25.0&Prime; _module_preset=\u00a0\u00bbdefault\u00a0\u00bb type=\u00a0\u00bb1_2&Prime;][et_pb_countdown_timer title=\u00a0\u00bbVotre titre va ici\u00a0\u00bb date_time=\u00a0\u00bb2025-11-01 08:06&Prime; _builder_version=\u00a0\u00bb4.25.0&Prime; _module_preset=\u00a0\u00bbdefault\u00a0\u00bb hover_enabled=\u00a0\u00bb0&Prime; sticky_enabled=\u00a0\u00bb0&Prime;][\/et_pb_countdown_timer][et_pb_accordion _builder_version=\u00a0\u00bb4.25.0&Prime; _module_preset=\u00a0\u00bbdefault\u00a0\u00bb body_text_color=\u00a0\u00bb#FFFFFF\u00a0\u00bb background_color=\u00a0\u00bb#f8f4d9&Prime; hover_enabled=\u00a0\u00bb0&Prime; global_colors_info=\u00a0\u00bb{}\u00a0\u00bb sticky_enabled=\u00a0\u00bb0&Prime;][et_pb_accordion_item title=\u00a0\u00bbEn quoi consiste notre \u00e9v\u00e8nement ?\u00a0\u00bb open=\u00a0\u00bbon\u00a0\u00bb _builder_version=\u00a0\u00bb4.25.0&Prime; _module_preset=\u00a0\u00bbdefault\u00a0\u00bb hover_enabled=\u00a0\u00bb0&Prime; inline_fonts=\u00a0\u00bbAnek Devanagari\u00a0\u00bb global_colors_info=\u00a0\u00bb{}\u00a0\u00bb sticky_enabled=\u00a0\u00bb0&Prime;]<\/p>\n<p><span style=\"color: #ffffff; font-family: 'Anek Devanagari';\">Viens vendre les v\u00eatements, chaussures, accessoires\u00a0 et bijoux que tu ne mets plus.\u00a0<\/span><\/p>\n<p>Viens d\u00e9couvrir le v\u00eatement de tes r\u00eaves \u00e0 des prix cass\u00e9s.\u00a0<\/p>\n<p>[\/et_pb_accordion_item][\/et_pb_accordion][\/et_pb_column][et_pb_column _builder_version=\u00a0\u00bb4.25.0&Prime; _module_preset=\u00a0\u00bbdefault\u00a0\u00bb type=\u00a0\u00bb1_2&Prime;][et_pb_image src=\u00a0\u00bbhttps:\/\/cours-info.gymnase-yverdon.ch\/verriere-veton\/wp-content\/uploads\/sites\/31\/2025\/06\/Affiche-Vide-Dressing-novembre-2025-pdf.jpg\u00a0\u00bb _builder_version=\u00a0\u00bb4.25.0&Prime; _module_preset=\u00a0\u00bbdefault\u00a0\u00bb title_text=\u00a0\u00bbAffiche Vide Dressing &#8211; novembre 2025&Prime; hover_enabled=\u00a0\u00bb0&Prime; sticky_enabled=\u00a0\u00bb0&Prime;][\/et_pb_image][\/et_pb_column][\/et_pb_row][\/et_pb_section][et_pb_section fb_built=\u00a0\u00bb1&Prime; _builder_version=\u00a0\u00bb4.25.0&Prime; _module_preset=\u00a0\u00bbdefault\u00a0\u00bb background_color=\u00a0\u00bb#f8f4d9&Prime; global_colors_info=\u00a0\u00bb{}\u00a0\u00bb][et_pb_row _builder_version=\u00a0\u00bb4.25.0&Prime; _module_preset=\u00a0\u00bbdefault\u00a0\u00bb transform_scale=\u00a0\u00bb113%|113%\u00a0\u00bb custom_margin=\u00a0\u00bb-105px||||false|false\u00a0\u00bb global_colors_info=\u00a0\u00bb{}\u00a0\u00bb][et_pb_column type=\u00a0\u00bb4_4&Prime; _builder_version=\u00a0\u00bb4.25.0&Prime; _module_preset=\u00a0\u00bbdefault\u00a0\u00bb global_colors_info=\u00a0\u00bb{}\u00a0\u00bb][et_pb_image src=\u00a0\u00bbhttps:\/\/cours-info.gymnase-yverdon.ch\/verriere-veton\/wp-content\/uploads\/sites\/31\/2025\/05\/photo.jpg\u00a0\u00bb _builder_version=\u00a0\u00bb4.25.0&Prime; _module_preset=\u00a0\u00bbdefault\u00a0\u00bb global_colors_info=\u00a0\u00bb{}\u00a0\u00bb][\/et_pb_image][\/et_pb_column][\/et_pb_row][\/et_pb_section]<\/p>\n","protected":false},"excerpt":{"rendered":"<p>Nos \u00e9v\u00e8nements !Cet \u00e9v\u00e8nement te permettra d&rsquo;acheter une blouse ou des lunettes de chimie de seconde-main et donc de faire des \u00e9conomies par rapport \u00e0 du mat\u00e9riel neuf. Viens vendre les v\u00eatements, chaussures, accessoires\u00a0 et bijoux que tu ne mets plus.\u00a0 Viens d\u00e9couvrir le v\u00eatement de tes r\u00eaves \u00e0 des prix cass\u00e9s.\u00a0<\/p>\n","protected":false},"author":26,"featured_media":0,"parent":0,"menu_order":0,"comment_status":"closed","ping_status":"closed","template":"","meta":{"_et_pb_use_builder":"on","_et_pb_old_content":"","_et_gb_content_width":"","footnotes":""},"class_list":["post-180","page","type-page","status-publish","hentry"],"_links":{"self":[{"href":"https:\/\/cours-info.gymnase-yverdon.ch\/verriere-veton\/wp-json\/wp\/v2\/pages\/180","targetHints":{"allow":["GET"]}}],"collection":[{"href":"https:\/\/cours-info.gymnase-yverdon.ch\/verriere-veton\/wp-json\/wp\/v2\/pages"}],"about":[{"href":"https:\/\/cours-info.gymnase-yverdon.ch\/verriere-veton\/wp-json\/wp\/v2\/types\/page"}],"author":[{"embeddable":true,"href":"https:\/\/cours-info.gymnase-yverdon.ch\/verriere-veton\/wp-json\/wp\/v2\/users\/26"}],"replies":[{"embeddable":true,"href":"https:\/\/cours-info.gymnase-yverdon.ch\/verriere-veton\/wp-json\/wp\/v2\/comments?post=180"}],"version-history":[{"count":22,"href":"https:\/\/cours-info.gymnase-yverdon.ch\/verriere-veton\/wp-json\/wp\/v2\/pages\/180\/revisions"}],"predecessor-version":[{"id":458,"href":"https:\/\/cours-info.gymnase-yverdon.ch\/verriere-veton\/wp-json\/wp\/v2\/pages\/180\/revisions\/458"}],"wp:attachment":[{"href":"https:\/\/cours-info.gymnase-yverdon.ch\/verriere-veton\/wp-json\/wp\/v2\/media?parent=180"}],"curies":[{"name":"wp","href":"https:\/\/api.w.org\/{rel}","templated":true}]}}